{"id":420,"date":"2020-11-17T21:57:33","date_gmt":"2020-11-17T21:57:33","guid":{"rendered":"http:\/\/staging.craniumdesign.be\/?page_id=420"},"modified":"2020-11-17T22:02:18","modified_gmt":"2020-11-17T22:02:18","slug":"politique-de-confidentialite","status":"publish","type":"page","link":"https:\/\/craniumdesign.be\/fr\/politique-de-confidentialite\/","title":{"rendered":"Politique de confidentialit\u00e9"},"content":{"rendered":"<h2>Politique de confidentialit\u00e9 Craniumdesign<\/h2>\n<h4>Ce site web est la propri\u00e9t\u00e9 de The Outdoor Company BV.<\/h4>\n<p>Coordonn\u00e9es : Nickolay Smet<br \/>Adresse du si\u00e8ge social : Groeningenlei 16, Kontich 2550<br \/>T\u00e9l\u00e9phone : +32468128488<br \/>Courrier \u00e9lectronique : info@huntingeurope.be<br \/>Num\u00e9ro d\u2019entreprise : TVA BE 0742 4966 93<\/p>\n<p>En acc\u00e9dant et en utilisant le site web, vous acceptez express\u00e9ment les conditions g\u00e9n\u00e9rales suivantes.<\/p>\n<h3><strong>Droits de propri\u00e9t\u00e9 intellectuelle<\/strong><\/h3>\n<p>Le contenu de ce site, y compris les marques, logos, dessins, donn\u00e9es, noms de produits ou de soci\u00e9t\u00e9s, textes, images, etc. sont prot\u00e9g\u00e9s par des droits intellectuels et appartiennent \u00e0 \u201cThe Outdoor Company BV\u201d ou \u00e0 des tiers habilit\u00e9s.<\/p>\n<p><strong>Limitation de la responsabilit\u00e9<\/strong><br \/>Les informations figurant sur le site web sont de nature g\u00e9n\u00e9rale. Les informations ne sont pas adapt\u00e9es \u00e0 des circonstances personnelles ou sp\u00e9cifiques, et ne peuvent donc pas \u00eatre consid\u00e9r\u00e9es comme des conseils personnels, professionnels ou juridiques \u00e0 l\u2019utilisateur.<\/p>\n<p>The Outdoor Company BV s\u2019efforce de faire en sorte que les informations mises \u00e0 disposition soient compl\u00e8tes, correctes, pr\u00e9cises et actualis\u00e9es. Malgr\u00e9 ces efforts, des inexactitudes peuvent appara\u00eetre dans les informations mises \u00e0 disposition. Si les informations fournies contiennent des inexactitudes ou si certaines informations sur ou via le site ne sont pas disponibles, The Outdoor Company fera tout son possible pour rectifier la situation dans les plus brefs d\u00e9lais.<br \/>Toutefois, The Outdoor Company BV ne peut \u00eatre tenu responsable de tout dommage direct ou indirect r\u00e9sultant de l\u2019utilisation des informations de ce site.<br \/>Si vous d\u00e9couvrez des inexactitudes dans les informations mises \u00e0 disposition sur le site, veuillez contacter l\u2019administrateur du site.<\/p>\n<p>Le contenu du site (y compris les liens) peut \u00eatre adapt\u00e9, modifi\u00e9 ou compl\u00e9t\u00e9 \u00e0 tout moment sans pr\u00e9avis ni notification. The Outdoor Company ne garantit pas le bon fonctionnement du site web et ne peut \u00eatre tenue responsable, de quelque mani\u00e8re que ce soit, d\u2019un dysfonctionnement ou d\u2019une (in)disponibilit\u00e9 temporaire du site web ou de toute forme de dommage, direct ou indirect, pouvant r\u00e9sulter de l\u2019acc\u00e8s ou de l\u2019utilisation du site web.<br \/>En aucun cas The Outdoor Company BV ne peut \u00eatre tenu responsable envers quiconque, directement ou indirectement, de quelque mani\u00e8re que ce soit, des dommages imputables \u00e0 l\u2019utilisation de ce site ou de tout autre, notamment en raison des liens ou hyperliens, y compris, sans limitation, toutes les pertes, interruptions de travail, dommages aux programmes ou autres donn\u00e9es sur le syst\u00e8me informatique, le mat\u00e9riel, les logiciels ou autres de l\u2019utilisateur.<\/p>\n<p>Le site web peut contenir des hyperliens vers des sites web ou des pages de tiers, ou y faire r\u00e9f\u00e9rence indirectement. Le placement de liens vers ces sites ou pages n\u2019implique en aucune fa\u00e7on une approbation implicite de leur contenu.<br \/>The Outdoor Company BV d\u00e9clare express\u00e9ment qu\u2019elle n\u2019a aucun contr\u00f4le sur le contenu ou les autres caract\u00e9ristiques de ces sites et ne peut en aucun cas \u00eatre tenue responsable de leur contenu ou de leurs caract\u00e9ristiques ou de toute autre forme de dommage r\u00e9sultant de leur utilisation.<\/p>\n<h3><strong>Droit applicable et tribunaux comp\u00e9tents.<\/strong><\/h3>\n<p>Le droit belge est applicable \u00e0 ce site. En cas de litige, seuls les tribunaux de l\u2019arrondissement d\u2019Anvers sont comp\u00e9tents.<\/p>\n<h3><strong>Politique de confidentialit\u00e9<\/strong><\/h3>\n<p>\u201cThe Outdoor Company BV\u201d traite les donn\u00e9es personnelles conform\u00e9ment \u00e0 la pr\u00e9sente d\u00e9claration de confidentialit\u00e9. Pour de plus amples informations, des questions ou des commentaires sur notre politique de confidentialit\u00e9, veuillez consulter info@huntingeurope.be ou le +32468128488.<\/p>\n<p><em>Fins de traitement<\/em><br \/>The Outdoor Company BV collecte et traite les donn\u00e9es personnelles des clients pour la gestion des clients et des commandes (par exemple, administration des clients, suivi des commandes\/livraisons, facturation, contr\u00f4le de la solvabilit\u00e9, profilage et envoi de marketing et de publicit\u00e9 personnalis\u00e9e).<\/p>\n<p><em>Base(s) juridique(s) du traitement.<\/em><br \/>Les donn\u00e9es \u00e0 caract\u00e8re personnel sont trait\u00e9es sur la base de l\u2019article 6.1. a) le consentement, b) (n\u00e9cessaire \u00e0 l\u2019ex\u00e9cution d\u2019un contrat), du r\u00e8glement g\u00e9n\u00e9ral sur la protection des donn\u00e9es.<br \/>Dans la mesure o\u00f9 le traitement des donn\u00e9es \u00e0 caract\u00e8re personnel a lieu sur la base de la clause 6.1. a) (consentement), le client a le droit de retirer le consentement donn\u00e9 \u00e0 tout moment.<\/p>\n<p><em>P\u00e9riode de stockage<\/em><br \/>Les donn\u00e9es personnelles trait\u00e9es \u00e0 des fins de gestion de la client\u00e8le seront conserv\u00e9es pendant la p\u00e9riode n\u00e9cessaire pour se conformer aux exigences l\u00e9gales (par exemple dans le domaine de la comptabilit\u00e9).<\/p>\n<p><em>Droit d\u2019acc\u00e8s, de rectification, de suppression, de limitation, d\u2019opposition et de portabilit\u00e9 des donn\u00e9es \u00e0 caract\u00e8re personnel<\/em><br \/>Le client a \u00e0 tout moment le droit de consulter ses donn\u00e9es \u00e0 caract\u00e8re personnel et peut les corriger (ou les faire corriger) si elles sont incorrectes ou incompl\u00e8tes, les faire supprimer, les faire restreindre et s\u2019opposer au traitement des donn\u00e9es \u00e0 caract\u00e8re personnel le concernant sur la base de l\u2019article 6.1 (e) ou (f), y compris le profilage sur la base de ces dispositions.<br \/>En outre, le client a le droit d\u2019obtenir une copie (sous une forme structur\u00e9e, commune et lisible par machine) de ses donn\u00e9es \u00e0 caract\u00e8re personnel et de faire transmettre ces donn\u00e9es \u00e0 une autre entreprise.<\/p>\n<p>Afin d\u2019exercer les droits susmentionn\u00e9s, le client est invit\u00e9 \u00e0<br \/>\u2013 modifier lui-m\u00eame les param\u00e8tres de son compte client ; et\/ou<br \/>\u2013 envoyer un courrier \u00e9lectronique \u00e0 l\u2019adresse suivante : info@huntingeurope.be.<\/p>\n<h3><em>Marketing direct<\/em><\/h3>\n<p>Le client a le droit de s\u2019opposer, gratuitement, \u00e0 tout traitement de ses donn\u00e9es personnelles \u00e0 des fins de marketing direct.<\/p>\n<h3><em>Plainte<\/em><\/h3>\n<p>Le client a le droit de d\u00e9poser une plainte aupr\u00e8s de la Commission de la protection de la vie priv\u00e9e (rue de la Vie Priv\u00e9e de Bruxelles Mobilit\u00e9 35, 1000 Bruxelles \u2013 commission@privacycommission.be).<\/p>\n<h3><strong>L\u2019utilisation de \u201ccookies\u201d.<\/strong><\/h3>\n<p>Lors d\u2019une visite sur le site, des \u201ccookies\u201d peuvent \u00eatre plac\u00e9s sur le disque dur de votre ordinateur. Un cookie est un fichier texte qui est plac\u00e9 par le serveur d\u2019un site web dans le navigateur de votre ordinateur ou sur votre appareil mobile lorsque vous consultez un site web. Les cookies ne peuvent pas \u00eatre utilis\u00e9s pour identifier des individus ; un cookie ne peut qu\u2019identifier une machine. Voir notre d\u00e9claration sur les cookies en bas de page.<\/p>\n<p><em>Pr\u00e9cisez quel type de cookies est utilis\u00e9 et dans quel but :<\/em><\/p>\n<p><em>Les \u201cFirst party cookies\u201d sont des cookies techniques qui sont utilis\u00e9s par le site visit\u00e9 lui-m\u00eame et qui visent \u00e0 faire fonctionner le site de mani\u00e8re optimale. Exemple : les param\u00e8tres que l\u2019utilisateur a effectu\u00e9s lors de pr\u00e9c\u00e9dentes visites sur le site, ou encore : un formulaire pr\u00e9-rempli avec les donn\u00e9es que l\u2019utilisateur a effectu\u00e9es lors de pr\u00e9c\u00e9dentes visites.<\/em><\/p>\n<p><em>Les cookies de tiers sont des cookies qui ne proviennent pas du site lui-m\u00eame, mais de tiers, comme un plug-in de marketing ou de publicit\u00e9. Par exemple, les cookies de Facebook ou de Google Analytics. Pour ces cookies, le visiteur du site doit d\u2019abord donner son autorisation \u2013 cela peut se faire via une barre en bas ou en haut du site, en r\u00e9f\u00e9rence \u00e0 cette politique, qui n\u2019emp\u00eache cependant pas de continuer \u00e0 surfer sur le site).<\/em><\/p>\n<p>Vous pouvez configurer votre navigateur Internet de telle sorte que les cookies ne soient pas accept\u00e9s, que vous receviez un avertissement lorsqu\u2019un cookie est install\u00e9 ou que les cookies soient retir\u00e9s de votre disque dur par la suite. Vous pouvez le faire via les param\u00e8tres de votre navigateur (via la fonction d\u2019aide). Gardez \u00e0 l\u2019esprit que certains \u00e9l\u00e9ments graphiques peuvent ne pas appara\u00eetre correctement, ou que vous ne pourrez pas utiliser certaines applications.<\/p>\n<p>En utilisant notre site web, vous acceptez que nous utilisions des cookies.<\/p>\n<h3><strong>Google Analytics<\/strong><\/h3>\n<p>Ce site web utilise Google Analytics, un service d\u2019analyse de site web fourni par Google Inc. (\u201cGoogle\u201d). Google Analytics utilise des \u201ccookies\u201d, qui sont des fichiers texte plac\u00e9s sur votre ordinateur, pour aider le site internet \u00e0 analyser l\u2019utilisation du site par ses utilisateurs. Les informations g\u00e9n\u00e9r\u00e9es par le cookie concernant votre utilisation du site web (y compris votre adresse IP) seront transmises et stock\u00e9es par Google sur des serveurs situ\u00e9s aux \u00c9tats-Unis. Google utilisera cette information dans le but d\u2019\u00e9valuer votre utilisation du site, de compiler des rapports sur l\u2019activit\u00e9 du site \u00e0 destination de son \u00e9diteur et de fournir d\u2019autres services relatifs \u00e0 l\u2019activit\u00e9 du site et \u00e0 l\u2019utilisation d\u2019Internet. Google peut \u00e9galement transf\u00e9rer ces informations \u00e0 des tiers lorsque la loi l\u2019exige ou lorsque ces tiers traitent les informations pour le compte de Google. Google ne recoupera pas votre adresse IP avec toute autre donn\u00e9e d\u00e9tenue par Google. Vous pouvez refuser l\u2019utilisation de cookies en s\u00e9lectionnant les param\u00e8tres appropri\u00e9s de votre navigateur. Veuillez toutefois noter que, dans ce cas, vous ne pourrez peut-\u00eatre pas utiliser toutes les fonctionnalit\u00e9s de ce site web. En utilisant ce site web, vous consentez au traitement des donn\u00e9es vous concernant par Google de la mani\u00e8re et aux fins d\u00e9crites ci-dessus.<\/p>\n","protected":false},"excerpt":{"rendered":"<p>Politique de confidentialit\u00e9 Craniumdesign Ce site web est la propri\u00e9t\u00e9 de The Outdoor Company BV. Coordonn\u00e9es : Nickolay SmetAdresse du si\u00e8ge social : Groeningenlei 16, Kontich 2550T\u00e9l\u00e9phone : +32468128488Courrier \u00e9lectronique&#8230;<\/p>\n","protected":false},"author":3,"featured_media":0,"parent":0,"menu_order":0,"comment_status":"closed","ping_status":"closed","template":"","meta":{"_joinchat":[],"footnotes":""},"class_list":["post-420","page","type-page","status-publish"],"yoast_head":"<!-- This site is optimized with the Yoast SEO plugin v27.4 - https:\/\/yoast.com\/product\/yoast-seo-wordpress\/ -->\n<title>Politique de confidentialit\u00e9 - Cranium Design<\/title>\n<meta name=\"robots\" content=\"index, follow, max-snippet:-1, max-image-preview:large, max-video-preview:-1\" \/>\n<link rel=\"canonical\" href=\"https:\/\/craniumdesign.be\/fr\/politique-de-confidentialite\/\" \/>\n<meta property=\"og:locale\" content=\"fr_FR\" \/>\n<meta property=\"og:type\" content=\"article\" \/>\n<meta property=\"og:title\" content=\"Politique de confidentialit\u00e9 - Cranium Design\" \/>\n<meta property=\"og:description\" content=\"Politique de confidentialit\u00e9 Craniumdesign Ce site web est la propri\u00e9t\u00e9 de The Outdoor Company BV. Coordonn\u00e9es : Nickolay SmetAdresse du si\u00e8ge social : Groeningenlei 16, Kontich 2550T\u00e9l\u00e9phone : +32468128488Courrier \u00e9lectronique...\" \/>\n<meta property=\"og:url\" content=\"https:\/\/craniumdesign.be\/fr\/politique-de-confidentialite\/\" \/>\n<meta property=\"og:site_name\" content=\"Cranium Design\" \/>\n<meta property=\"article:modified_time\" content=\"2020-11-17T22:02:18+00:00\" \/>\n<meta name=\"twitter:card\" content=\"summary_large_image\" \/>\n<meta name=\"twitter:label1\" content=\"Dur\u00e9e de lecture estim\u00e9e\" \/>\n\t<meta name=\"twitter:data1\" content=\"8 minutes\" \/>\n<script type=\"application\/ld+json\" class=\"yoast-schema-graph\">{\"@context\":\"https:\\\/\\\/schema.org\",\"@graph\":[{\"@type\":\"WebPage\",\"@id\":\"https:\\\/\\\/craniumdesign.be\\\/fr\\\/politique-de-confidentialite\\\/\",\"url\":\"https:\\\/\\\/craniumdesign.be\\\/fr\\\/politique-de-confidentialite\\\/\",\"name\":\"Politique de confidentialit\u00e9 - Cranium Design\",\"isPartOf\":{\"@id\":\"https:\\\/\\\/craniumdesign.be\\\/#website\"},\"datePublished\":\"2020-11-17T21:57:33+00:00\",\"dateModified\":\"2020-11-17T22:02:18+00:00\",\"breadcrumb\":{\"@id\":\"https:\\\/\\\/craniumdesign.be\\\/fr\\\/politique-de-confidentialite\\\/#breadcrumb\"},\"inLanguage\":\"fr-FR\",\"potentialAction\":[{\"@type\":\"ReadAction\",\"target\":[\"https:\\\/\\\/craniumdesign.be\\\/fr\\\/politique-de-confidentialite\\\/\"]}]},{\"@type\":\"BreadcrumbList\",\"@id\":\"https:\\\/\\\/craniumdesign.be\\\/fr\\\/politique-de-confidentialite\\\/#breadcrumb\",\"itemListElement\":[{\"@type\":\"ListItem\",\"position\":1,\"name\":\"Home\",\"item\":\"https:\\\/\\\/craniumdesign.be\\\/fr\\\/cranium-design\\\/\"},{\"@type\":\"ListItem\",\"position\":2,\"name\":\"Politique de confidentialit\u00e9\"}]},{\"@type\":\"WebSite\",\"@id\":\"https:\\\/\\\/craniumdesign.be\\\/#website\",\"url\":\"https:\\\/\\\/craniumdesign.be\\\/\",\"name\":\"Cranium Design\",\"description\":\"Votre r\u00eave sur un pi\u00e9destal\",\"publisher\":{\"@id\":\"https:\\\/\\\/craniumdesign.be\\\/#organization\"},\"potentialAction\":[{\"@type\":\"SearchAction\",\"target\":{\"@type\":\"EntryPoint\",\"urlTemplate\":\"https:\\\/\\\/craniumdesign.be\\\/?s={search_term_string}\"},\"query-input\":{\"@type\":\"PropertyValueSpecification\",\"valueRequired\":true,\"valueName\":\"search_term_string\"}}],\"inLanguage\":\"fr-FR\"},{\"@type\":\"Organization\",\"@id\":\"https:\\\/\\\/craniumdesign.be\\\/#organization\",\"name\":\"Cranium Design\",\"url\":\"https:\\\/\\\/craniumdesign.be\\\/\",\"logo\":{\"@type\":\"ImageObject\",\"inLanguage\":\"fr-FR\",\"@id\":\"https:\\\/\\\/craniumdesign.be\\\/#\\\/schema\\\/logo\\\/image\\\/\",\"url\":\"http:\\\/\\\/craniumdesign.be\\\/wp-content\\\/uploads\\\/2020\\\/11\\\/logo-tekst.png\",\"contentUrl\":\"http:\\\/\\\/craniumdesign.be\\\/wp-content\\\/uploads\\\/2020\\\/11\\\/logo-tekst.png\",\"width\":826,\"height\":340,\"caption\":\"Cranium Design\"},\"image\":{\"@id\":\"https:\\\/\\\/craniumdesign.be\\\/#\\\/schema\\\/logo\\\/image\\\/\"}}]}<\/script>\n<!-- \/ Yoast SEO plugin. -->","yoast_head_json":{"title":"Politique de confidentialit\u00e9 - Cranium Design","robots":{"index":"index","follow":"follow","max-snippet":"max-snippet:-1","max-image-preview":"max-image-preview:large","max-video-preview":"max-video-preview:-1"},"canonical":"https:\/\/craniumdesign.be\/fr\/politique-de-confidentialite\/","og_locale":"fr_FR","og_type":"article","og_title":"Politique de confidentialit\u00e9 - Cranium Design","og_description":"Politique de confidentialit\u00e9 Craniumdesign Ce site web est la propri\u00e9t\u00e9 de The Outdoor Company BV. Coordonn\u00e9es : Nickolay SmetAdresse du si\u00e8ge social : Groeningenlei 16, Kontich 2550T\u00e9l\u00e9phone : +32468128488Courrier \u00e9lectronique...","og_url":"https:\/\/craniumdesign.be\/fr\/politique-de-confidentialite\/","og_site_name":"Cranium Design","article_modified_time":"2020-11-17T22:02:18+00:00","twitter_card":"summary_large_image","twitter_misc":{"Dur\u00e9e de lecture estim\u00e9e":"8 minutes"},"schema":{"@context":"https:\/\/schema.org","@graph":[{"@type":"WebPage","@id":"https:\/\/craniumdesign.be\/fr\/politique-de-confidentialite\/","url":"https:\/\/craniumdesign.be\/fr\/politique-de-confidentialite\/","name":"Politique de confidentialit\u00e9 - Cranium Design","isPartOf":{"@id":"https:\/\/craniumdesign.be\/#website"},"datePublished":"2020-11-17T21:57:33+00:00","dateModified":"2020-11-17T22:02:18+00:00","breadcrumb":{"@id":"https:\/\/craniumdesign.be\/fr\/politique-de-confidentialite\/#breadcrumb"},"inLanguage":"fr-FR","potentialAction":[{"@type":"ReadAction","target":["https:\/\/craniumdesign.be\/fr\/politique-de-confidentialite\/"]}]},{"@type":"BreadcrumbList","@id":"https:\/\/craniumdesign.be\/fr\/politique-de-confidentialite\/#breadcrumb","itemListElement":[{"@type":"ListItem","position":1,"name":"Home","item":"https:\/\/craniumdesign.be\/fr\/cranium-design\/"},{"@type":"ListItem","position":2,"name":"Politique de confidentialit\u00e9"}]},{"@type":"WebSite","@id":"https:\/\/craniumdesign.be\/#website","url":"https:\/\/craniumdesign.be\/","name":"Cranium Design","description":"Votre r\u00eave sur un pi\u00e9destal","publisher":{"@id":"https:\/\/craniumdesign.be\/#organization"},"potentialAction":[{"@type":"SearchAction","target":{"@type":"EntryPoint","urlTemplate":"https:\/\/craniumdesign.be\/?s={search_term_string}"},"query-input":{"@type":"PropertyValueSpecification","valueRequired":true,"valueName":"search_term_string"}}],"inLanguage":"fr-FR"},{"@type":"Organization","@id":"https:\/\/craniumdesign.be\/#organization","name":"Cranium Design","url":"https:\/\/craniumdesign.be\/","logo":{"@type":"ImageObject","inLanguage":"fr-FR","@id":"https:\/\/craniumdesign.be\/#\/schema\/logo\/image\/","url":"http:\/\/craniumdesign.be\/wp-content\/uploads\/2020\/11\/logo-tekst.png","contentUrl":"http:\/\/craniumdesign.be\/wp-content\/uploads\/2020\/11\/logo-tekst.png","width":826,"height":340,"caption":"Cranium Design"},"image":{"@id":"https:\/\/craniumdesign.be\/#\/schema\/logo\/image\/"}}]}},"_links":{"self":[{"href":"https:\/\/craniumdesign.be\/fr\/wp-json\/wp\/v2\/pages\/420","targetHints":{"allow":["GET"]}}],"collection":[{"href":"https:\/\/craniumdesign.be\/fr\/wp-json\/wp\/v2\/pages"}],"about":[{"href":"https:\/\/craniumdesign.be\/fr\/wp-json\/wp\/v2\/types\/page"}],"author":[{"embeddable":true,"href":"https:\/\/craniumdesign.be\/fr\/wp-json\/wp\/v2\/users\/3"}],"replies":[{"embeddable":true,"href":"https:\/\/craniumdesign.be\/fr\/wp-json\/wp\/v2\/comments?post=420"}],"version-history":[{"count":10,"href":"https:\/\/craniumdesign.be\/fr\/wp-json\/wp\/v2\/pages\/420\/revisions"}],"predecessor-version":[{"id":430,"href":"https:\/\/craniumdesign.be\/fr\/wp-json\/wp\/v2\/pages\/420\/revisions\/430"}],"wp:attachment":[{"href":"https:\/\/craniumdesign.be\/fr\/wp-json\/wp\/v2\/media?parent=420"}],"curies":[{"name":"wp","href":"https:\/\/api.w.org\/{rel}","templated":true}]}}