{"id":1452,"date":"2023-05-23T12:52:22","date_gmt":"2023-05-23T12:52:22","guid":{"rendered":"http:\/\/craniumdesign.be\/?post_type=product&#038;p=1452"},"modified":"2026-01-25T12:16:38","modified_gmt":"2026-01-25T12:16:38","slug":"porte-trophee-altum","status":"publish","type":"product","link":"https:\/\/craniumdesign.be\/fr\/produit\/porte-trophee-altum\/","title":{"rendered":"Piedestal &#8211; Altum"},"content":{"rendered":"","protected":false},"excerpt":{"rendered":"<p>ALTUM Altum est un porte-troph\u00e9e le cerf, le mouflon, l\u2019impala et autres troph\u00e9es similaires.<br \/>\nFabriqu\u00e9 en acier et dot\u00e9 d\u2019un beau rev\u00eatement.<\/p>\n<p>Hauteur : 75 cm<\/p>\n<p>&nbsp;<\/p>\n","protected":false},"featured_media":1207,"template":"","meta":{"_joinchat":[]},"product_brand":[],"product_cat":[52],"product_tag":[],"class_list":{"0":"post-1452","1":"product","2":"type-product","3":"status-publish","4":"has-post-thumbnail","6":"product_cat-porte-trophee","8":"first","9":"instock","10":"taxable","11":"shipping-taxable","12":"purchasable","13":"product-type-variable"},"yoast_head":"<!-- This site is optimized with the Yoast SEO plugin v27.4 - https:\/\/yoast.com\/product\/yoast-seo-wordpress\/ -->\n<title>Piedestal - Altum - Cranium Design<\/title>\n<meta name=\"robots\" content=\"index, follow, max-snippet:-1, max-image-preview:large, max-video-preview:-1\" \/>\n<link rel=\"canonical\" href=\"https:\/\/craniumdesign.be\/fr\/produit\/porte-trophee-altum\/\" \/>\n<meta property=\"og:locale\" content=\"fr_FR\" \/>\n<meta property=\"og:type\" content=\"article\" \/>\n<meta property=\"og:title\" content=\"Piedestal - Altum - Cranium Design\" \/>\n<meta property=\"og:description\" content=\"ALTUM Altum est un porte-troph\u00e9e le cerf, le mouflon, l\u2019impala et autres troph\u00e9es similaires. Fabriqu\u00e9 en acier et dot\u00e9 d\u2019un beau rev\u00eatement. Hauteur : 75 cm &nbsp;\" \/>\n<meta property=\"og:url\" content=\"https:\/\/craniumdesign.be\/fr\/produit\/porte-trophee-altum\/\" \/>\n<meta property=\"og:site_name\" content=\"Cranium Design\" \/>\n<meta property=\"article:modified_time\" content=\"2026-01-25T12:16:38+00:00\" \/>\n<meta property=\"og:image\" content=\"https:\/\/craniumdesign.be\/wp-content\/uploads\/2023\/05\/Altum-10.5kg-white-1.png\" \/>\n\t<meta property=\"og:image:width\" content=\"2500\" \/>\n\t<meta property=\"og:image:height\" content=\"2500\" \/>\n\t<meta property=\"og:image:type\" content=\"image\/png\" \/>\n<meta name=\"twitter:card\" content=\"summary_large_image\" \/>\n<script type=\"application\/ld+json\" class=\"yoast-schema-graph\">{\"@context\":\"https:\\\/\\\/schema.org\",\"@graph\":[{\"@type\":\"WebPage\",\"@id\":\"https:\\\/\\\/craniumdesign.be\\\/fr\\\/produit\\\/porte-trophee-altum\\\/\",\"url\":\"https:\\\/\\\/craniumdesign.be\\\/fr\\\/produit\\\/porte-trophee-altum\\\/\",\"name\":\"Piedestal - Altum - Cranium Design\",\"isPartOf\":{\"@id\":\"https:\\\/\\\/craniumdesign.be\\\/#website\"},\"primaryImageOfPage\":{\"@id\":\"https:\\\/\\\/craniumdesign.be\\\/fr\\\/produit\\\/porte-trophee-altum\\\/#primaryimage\"},\"image\":{\"@id\":\"https:\\\/\\\/craniumdesign.be\\\/fr\\\/produit\\\/porte-trophee-altum\\\/#primaryimage\"},\"thumbnailUrl\":\"https:\\\/\\\/craniumdesign.be\\\/wp-content\\\/uploads\\\/2023\\\/05\\\/Altum-10.5kg-white-1.png\",\"datePublished\":\"2023-05-23T12:52:22+00:00\",\"dateModified\":\"2026-01-25T12:16:38+00:00\",\"breadcrumb\":{\"@id\":\"https:\\\/\\\/craniumdesign.be\\\/fr\\\/produit\\\/porte-trophee-altum\\\/#breadcrumb\"},\"inLanguage\":\"fr-FR\",\"potentialAction\":[{\"@type\":\"ReadAction\",\"target\":[\"https:\\\/\\\/craniumdesign.be\\\/fr\\\/produit\\\/porte-trophee-altum\\\/\"]}]},{\"@type\":\"ImageObject\",\"inLanguage\":\"fr-FR\",\"@id\":\"https:\\\/\\\/craniumdesign.be\\\/fr\\\/produit\\\/porte-trophee-altum\\\/#primaryimage\",\"url\":\"https:\\\/\\\/craniumdesign.be\\\/wp-content\\\/uploads\\\/2023\\\/05\\\/Altum-10.5kg-white-1.png\",\"contentUrl\":\"https:\\\/\\\/craniumdesign.be\\\/wp-content\\\/uploads\\\/2023\\\/05\\\/Altum-10.5kg-white-1.png\",\"width\":2500,\"height\":2500},{\"@type\":\"BreadcrumbList\",\"@id\":\"https:\\\/\\\/craniumdesign.be\\\/fr\\\/produit\\\/porte-trophee-altum\\\/#breadcrumb\",\"itemListElement\":[{\"@type\":\"ListItem\",\"position\":1,\"name\":\"Home\",\"item\":\"https:\\\/\\\/craniumdesign.be\\\/fr\\\/cranium-design\\\/\"},{\"@type\":\"ListItem\",\"position\":2,\"name\":\"Boutique\",\"item\":\"https:\\\/\\\/craniumdesign.be\\\/fr\\\/boutique\\\/\"},{\"@type\":\"ListItem\",\"position\":3,\"name\":\"Piedestal &#8211; Altum\"}]},{\"@type\":\"WebSite\",\"@id\":\"https:\\\/\\\/craniumdesign.be\\\/#website\",\"url\":\"https:\\\/\\\/craniumdesign.be\\\/\",\"name\":\"Cranium Design\",\"description\":\"Votre r\u00eave sur un pi\u00e9destal\",\"publisher\":{\"@id\":\"https:\\\/\\\/craniumdesign.be\\\/#organization\"},\"potentialAction\":[{\"@type\":\"SearchAction\",\"target\":{\"@type\":\"EntryPoint\",\"urlTemplate\":\"https:\\\/\\\/craniumdesign.be\\\/?s={search_term_string}\"},\"query-input\":{\"@type\":\"PropertyValueSpecification\",\"valueRequired\":true,\"valueName\":\"search_term_string\"}}],\"inLanguage\":\"fr-FR\"},{\"@type\":\"Organization\",\"@id\":\"https:\\\/\\\/craniumdesign.be\\\/#organization\",\"name\":\"Cranium Design\",\"url\":\"https:\\\/\\\/craniumdesign.be\\\/\",\"logo\":{\"@type\":\"ImageObject\",\"inLanguage\":\"fr-FR\",\"@id\":\"https:\\\/\\\/craniumdesign.be\\\/#\\\/schema\\\/logo\\\/image\\\/\",\"url\":\"http:\\\/\\\/craniumdesign.be\\\/wp-content\\\/uploads\\\/2020\\\/11\\\/logo-tekst.png\",\"contentUrl\":\"http:\\\/\\\/craniumdesign.be\\\/wp-content\\\/uploads\\\/2020\\\/11\\\/logo-tekst.png\",\"width\":826,\"height\":340,\"caption\":\"Cranium Design\"},\"image\":{\"@id\":\"https:\\\/\\\/craniumdesign.be\\\/#\\\/schema\\\/logo\\\/image\\\/\"}}]}<\/script>\n<!-- \/ Yoast SEO plugin. -->","yoast_head_json":{"title":"Piedestal - Altum - Cranium Design","robots":{"index":"index","follow":"follow","max-snippet":"max-snippet:-1","max-image-preview":"max-image-preview:large","max-video-preview":"max-video-preview:-1"},"canonical":"https:\/\/craniumdesign.be\/fr\/produit\/porte-trophee-altum\/","og_locale":"fr_FR","og_type":"article","og_title":"Piedestal - Altum - Cranium Design","og_description":"ALTUM Altum est un porte-troph\u00e9e le cerf, le mouflon, l\u2019impala et autres troph\u00e9es similaires. Fabriqu\u00e9 en acier et dot\u00e9 d\u2019un beau rev\u00eatement. Hauteur : 75 cm &nbsp;","og_url":"https:\/\/craniumdesign.be\/fr\/produit\/porte-trophee-altum\/","og_site_name":"Cranium Design","article_modified_time":"2026-01-25T12:16:38+00:00","og_image":[{"width":2500,"height":2500,"url":"https:\/\/craniumdesign.be\/wp-content\/uploads\/2023\/05\/Altum-10.5kg-white-1.png","type":"image\/png"}],"twitter_card":"summary_large_image","schema":{"@context":"https:\/\/schema.org","@graph":[{"@type":"WebPage","@id":"https:\/\/craniumdesign.be\/fr\/produit\/porte-trophee-altum\/","url":"https:\/\/craniumdesign.be\/fr\/produit\/porte-trophee-altum\/","name":"Piedestal - Altum - Cranium Design","isPartOf":{"@id":"https:\/\/craniumdesign.be\/#website"},"primaryImageOfPage":{"@id":"https:\/\/craniumdesign.be\/fr\/produit\/porte-trophee-altum\/#primaryimage"},"image":{"@id":"https:\/\/craniumdesign.be\/fr\/produit\/porte-trophee-altum\/#primaryimage"},"thumbnailUrl":"https:\/\/craniumdesign.be\/wp-content\/uploads\/2023\/05\/Altum-10.5kg-white-1.png","datePublished":"2023-05-23T12:52:22+00:00","dateModified":"2026-01-25T12:16:38+00:00","breadcrumb":{"@id":"https:\/\/craniumdesign.be\/fr\/produit\/porte-trophee-altum\/#breadcrumb"},"inLanguage":"fr-FR","potentialAction":[{"@type":"ReadAction","target":["https:\/\/craniumdesign.be\/fr\/produit\/porte-trophee-altum\/"]}]},{"@type":"ImageObject","inLanguage":"fr-FR","@id":"https:\/\/craniumdesign.be\/fr\/produit\/porte-trophee-altum\/#primaryimage","url":"https:\/\/craniumdesign.be\/wp-content\/uploads\/2023\/05\/Altum-10.5kg-white-1.png","contentUrl":"https:\/\/craniumdesign.be\/wp-content\/uploads\/2023\/05\/Altum-10.5kg-white-1.png","width":2500,"height":2500},{"@type":"BreadcrumbList","@id":"https:\/\/craniumdesign.be\/fr\/produit\/porte-trophee-altum\/#breadcrumb","itemListElement":[{"@type":"ListItem","position":1,"name":"Home","item":"https:\/\/craniumdesign.be\/fr\/cranium-design\/"},{"@type":"ListItem","position":2,"name":"Boutique","item":"https:\/\/craniumdesign.be\/fr\/boutique\/"},{"@type":"ListItem","position":3,"name":"Piedestal &#8211; Altum"}]},{"@type":"WebSite","@id":"https:\/\/craniumdesign.be\/#website","url":"https:\/\/craniumdesign.be\/","name":"Cranium Design","description":"Votre r\u00eave sur un pi\u00e9destal","publisher":{"@id":"https:\/\/craniumdesign.be\/#organization"},"potentialAction":[{"@type":"SearchAction","target":{"@type":"EntryPoint","urlTemplate":"https:\/\/craniumdesign.be\/?s={search_term_string}"},"query-input":{"@type":"PropertyValueSpecification","valueRequired":true,"valueName":"search_term_string"}}],"inLanguage":"fr-FR"},{"@type":"Organization","@id":"https:\/\/craniumdesign.be\/#organization","name":"Cranium Design","url":"https:\/\/craniumdesign.be\/","logo":{"@type":"ImageObject","inLanguage":"fr-FR","@id":"https:\/\/craniumdesign.be\/#\/schema\/logo\/image\/","url":"http:\/\/craniumdesign.be\/wp-content\/uploads\/2020\/11\/logo-tekst.png","contentUrl":"http:\/\/craniumdesign.be\/wp-content\/uploads\/2020\/11\/logo-tekst.png","width":826,"height":340,"caption":"Cranium Design"},"image":{"@id":"https:\/\/craniumdesign.be\/#\/schema\/logo\/image\/"}}]}},"_links":{"self":[{"href":"https:\/\/craniumdesign.be\/fr\/wp-json\/wp\/v2\/product\/1452","targetHints":{"allow":["GET"]}}],"collection":[{"href":"https:\/\/craniumdesign.be\/fr\/wp-json\/wp\/v2\/product"}],"about":[{"href":"https:\/\/craniumdesign.be\/fr\/wp-json\/wp\/v2\/types\/product"}],"wp:featuredmedia":[{"embeddable":true,"href":"https:\/\/craniumdesign.be\/fr\/wp-json\/wp\/v2\/media\/1207"}],"wp:attachment":[{"href":"https:\/\/craniumdesign.be\/fr\/wp-json\/wp\/v2\/media?parent=1452"}],"wp:term":[{"taxonomy":"product_brand","embeddable":true,"href":"https:\/\/craniumdesign.be\/fr\/wp-json\/wp\/v2\/product_brand?post=1452"},{"taxonomy":"product_cat","embeddable":true,"href":"https:\/\/craniumdesign.be\/fr\/wp-json\/wp\/v2\/product_cat?post=1452"},{"taxonomy":"product_tag","embeddable":true,"href":"https:\/\/craniumdesign.be\/fr\/wp-json\/wp\/v2\/product_tag?post=1452"}],"curies":[{"name":"wp","href":"https:\/\/api.w.org\/{rel}","templated":true}]}}