{"id":1453,"date":"2023-05-23T12:52:22","date_gmt":"2023-05-23T12:52:22","guid":{"rendered":"http:\/\/craniumdesign.be\/?post_type=product&#038;p=1453"},"modified":"2025-10-17T11:34:08","modified_gmt":"2025-10-17T11:34:08","slug":"porte-trophee-primus","status":"publish","type":"product","link":"https:\/\/craniumdesign.be\/fr\/produit\/porte-trophee-primus\/","title":{"rendered":"Porte-troph\u00e9e \u2013 Primus"},"content":{"rendered":"<p>Un nouveau produit de la marque Cranium Design est n\u00e9, le PRIMUS. Le Primus est con\u00e7u pour les cr\u00e2nes sci\u00e9s et non sci\u00e9s. Ce support peut \u00eatre plac\u00e9 sur des surfaces planes telles qu\u2019une table, un bureau, un rebord de fen\u00eatre, \u2026<\/p>\n<p>Bien entendu, ce support est \u00e9galement fabriqu\u00e9 en acier solide, avec un rev\u00eatement en poudre de qualit\u00e9, tout comme le Parvus, le murus et l\u2019altum.<\/p>\n<p>Le brocart est simplement fix\u00e9 au moyen d\u2019une pince (incluse).<\/p>\n","protected":false},"excerpt":{"rendered":"<p>https:\/\/youtu.be\/-2nqJ1VhLas<\/p>\n","protected":false},"featured_media":1235,"template":"","meta":{"_joinchat":[]},"product_brand":[],"product_cat":[52],"product_tag":[],"class_list":{"0":"post-1453","1":"product","2":"type-product","3":"status-publish","4":"has-post-thumbnail","6":"product_cat-porte-trophee","8":"first","9":"instock","10":"taxable","11":"shipping-taxable","12":"purchasable","13":"product-type-variable","14":"has-default-attributes"},"yoast_head":"<!-- This site is optimized with the Yoast SEO plugin v27.4 - https:\/\/yoast.com\/product\/yoast-seo-wordpress\/ -->\n<title>Porte-troph\u00e9e \u2013 Primus - Cranium Design<\/title>\n<meta name=\"robots\" content=\"index, follow, max-snippet:-1, max-image-preview:large, max-video-preview:-1\" \/>\n<link rel=\"canonical\" href=\"https:\/\/craniumdesign.be\/fr\/produit\/porte-trophee-primus\/\" \/>\n<meta property=\"og:locale\" content=\"fr_FR\" \/>\n<meta property=\"og:type\" content=\"article\" \/>\n<meta property=\"og:title\" content=\"Porte-troph\u00e9e \u2013 Primus - Cranium Design\" \/>\n<meta property=\"og:description\" content=\"https:\/\/youtu.be\/-2nqJ1VhLas\" \/>\n<meta property=\"og:url\" content=\"https:\/\/craniumdesign.be\/fr\/produit\/porte-trophee-primus\/\" \/>\n<meta property=\"og:site_name\" content=\"Cranium Design\" \/>\n<meta property=\"article:modified_time\" content=\"2025-10-17T11:34:08+00:00\" \/>\n<meta property=\"og:image\" content=\"https:\/\/craniumdesign.be\/wp-content\/uploads\/2023\/05\/IMG_8352-1.jpeg\" \/>\n\t<meta property=\"og:image:width\" content=\"1536\" \/>\n\t<meta property=\"og:image:height\" content=\"2048\" \/>\n\t<meta property=\"og:image:type\" content=\"image\/jpeg\" \/>\n<meta name=\"twitter:card\" content=\"summary_large_image\" \/>\n<meta name=\"twitter:label1\" content=\"Dur\u00e9e de lecture estim\u00e9e\" \/>\n\t<meta name=\"twitter:data1\" content=\"1 minute\" \/>\n<script type=\"application\/ld+json\" class=\"yoast-schema-graph\">{\"@context\":\"https:\\\/\\\/schema.org\",\"@graph\":[{\"@type\":\"WebPage\",\"@id\":\"https:\\\/\\\/craniumdesign.be\\\/fr\\\/produit\\\/porte-trophee-primus\\\/\",\"url\":\"https:\\\/\\\/craniumdesign.be\\\/fr\\\/produit\\\/porte-trophee-primus\\\/\",\"name\":\"Porte-troph\u00e9e \u2013 Primus - Cranium Design\",\"isPartOf\":{\"@id\":\"https:\\\/\\\/craniumdesign.be\\\/#website\"},\"primaryImageOfPage\":{\"@id\":\"https:\\\/\\\/craniumdesign.be\\\/fr\\\/produit\\\/porte-trophee-primus\\\/#primaryimage\"},\"image\":{\"@id\":\"https:\\\/\\\/craniumdesign.be\\\/fr\\\/produit\\\/porte-trophee-primus\\\/#primaryimage\"},\"thumbnailUrl\":\"https:\\\/\\\/craniumdesign.be\\\/wp-content\\\/uploads\\\/2023\\\/05\\\/IMG_8352-1.jpeg\",\"datePublished\":\"2023-05-23T12:52:22+00:00\",\"dateModified\":\"2025-10-17T11:34:08+00:00\",\"breadcrumb\":{\"@id\":\"https:\\\/\\\/craniumdesign.be\\\/fr\\\/produit\\\/porte-trophee-primus\\\/#breadcrumb\"},\"inLanguage\":\"fr-FR\",\"potentialAction\":[{\"@type\":\"ReadAction\",\"target\":[\"https:\\\/\\\/craniumdesign.be\\\/fr\\\/produit\\\/porte-trophee-primus\\\/\"]}]},{\"@type\":\"ImageObject\",\"inLanguage\":\"fr-FR\",\"@id\":\"https:\\\/\\\/craniumdesign.be\\\/fr\\\/produit\\\/porte-trophee-primus\\\/#primaryimage\",\"url\":\"https:\\\/\\\/craniumdesign.be\\\/wp-content\\\/uploads\\\/2023\\\/05\\\/IMG_8352-1.jpeg\",\"contentUrl\":\"https:\\\/\\\/craniumdesign.be\\\/wp-content\\\/uploads\\\/2023\\\/05\\\/IMG_8352-1.jpeg\",\"width\":1536,\"height\":2048},{\"@type\":\"BreadcrumbList\",\"@id\":\"https:\\\/\\\/craniumdesign.be\\\/fr\\\/produit\\\/porte-trophee-primus\\\/#breadcrumb\",\"itemListElement\":[{\"@type\":\"ListItem\",\"position\":1,\"name\":\"Home\",\"item\":\"https:\\\/\\\/craniumdesign.be\\\/fr\\\/cranium-design\\\/\"},{\"@type\":\"ListItem\",\"position\":2,\"name\":\"Boutique\",\"item\":\"https:\\\/\\\/craniumdesign.be\\\/fr\\\/boutique\\\/\"},{\"@type\":\"ListItem\",\"position\":3,\"name\":\"Porte-troph\u00e9e \u2013 Primus\"}]},{\"@type\":\"WebSite\",\"@id\":\"https:\\\/\\\/craniumdesign.be\\\/#website\",\"url\":\"https:\\\/\\\/craniumdesign.be\\\/\",\"name\":\"Cranium Design\",\"description\":\"Votre r\u00eave sur un pi\u00e9destal\",\"publisher\":{\"@id\":\"https:\\\/\\\/craniumdesign.be\\\/#organization\"},\"potentialAction\":[{\"@type\":\"SearchAction\",\"target\":{\"@type\":\"EntryPoint\",\"urlTemplate\":\"https:\\\/\\\/craniumdesign.be\\\/?s={search_term_string}\"},\"query-input\":{\"@type\":\"PropertyValueSpecification\",\"valueRequired\":true,\"valueName\":\"search_term_string\"}}],\"inLanguage\":\"fr-FR\"},{\"@type\":\"Organization\",\"@id\":\"https:\\\/\\\/craniumdesign.be\\\/#organization\",\"name\":\"Cranium Design\",\"url\":\"https:\\\/\\\/craniumdesign.be\\\/\",\"logo\":{\"@type\":\"ImageObject\",\"inLanguage\":\"fr-FR\",\"@id\":\"https:\\\/\\\/craniumdesign.be\\\/#\\\/schema\\\/logo\\\/image\\\/\",\"url\":\"http:\\\/\\\/craniumdesign.be\\\/wp-content\\\/uploads\\\/2020\\\/11\\\/logo-tekst.png\",\"contentUrl\":\"http:\\\/\\\/craniumdesign.be\\\/wp-content\\\/uploads\\\/2020\\\/11\\\/logo-tekst.png\",\"width\":826,\"height\":340,\"caption\":\"Cranium Design\"},\"image\":{\"@id\":\"https:\\\/\\\/craniumdesign.be\\\/#\\\/schema\\\/logo\\\/image\\\/\"}}]}<\/script>\n<!-- \/ Yoast SEO plugin. -->","yoast_head_json":{"title":"Porte-troph\u00e9e \u2013 Primus - Cranium Design","robots":{"index":"index","follow":"follow","max-snippet":"max-snippet:-1","max-image-preview":"max-image-preview:large","max-video-preview":"max-video-preview:-1"},"canonical":"https:\/\/craniumdesign.be\/fr\/produit\/porte-trophee-primus\/","og_locale":"fr_FR","og_type":"article","og_title":"Porte-troph\u00e9e \u2013 Primus - Cranium Design","og_description":"https:\/\/youtu.be\/-2nqJ1VhLas","og_url":"https:\/\/craniumdesign.be\/fr\/produit\/porte-trophee-primus\/","og_site_name":"Cranium Design","article_modified_time":"2025-10-17T11:34:08+00:00","og_image":[{"width":1536,"height":2048,"url":"https:\/\/craniumdesign.be\/wp-content\/uploads\/2023\/05\/IMG_8352-1.jpeg","type":"image\/jpeg"}],"twitter_card":"summary_large_image","twitter_misc":{"Dur\u00e9e de lecture estim\u00e9e":"1 minute"},"schema":{"@context":"https:\/\/schema.org","@graph":[{"@type":"WebPage","@id":"https:\/\/craniumdesign.be\/fr\/produit\/porte-trophee-primus\/","url":"https:\/\/craniumdesign.be\/fr\/produit\/porte-trophee-primus\/","name":"Porte-troph\u00e9e \u2013 Primus - Cranium Design","isPartOf":{"@id":"https:\/\/craniumdesign.be\/#website"},"primaryImageOfPage":{"@id":"https:\/\/craniumdesign.be\/fr\/produit\/porte-trophee-primus\/#primaryimage"},"image":{"@id":"https:\/\/craniumdesign.be\/fr\/produit\/porte-trophee-primus\/#primaryimage"},"thumbnailUrl":"https:\/\/craniumdesign.be\/wp-content\/uploads\/2023\/05\/IMG_8352-1.jpeg","datePublished":"2023-05-23T12:52:22+00:00","dateModified":"2025-10-17T11:34:08+00:00","breadcrumb":{"@id":"https:\/\/craniumdesign.be\/fr\/produit\/porte-trophee-primus\/#breadcrumb"},"inLanguage":"fr-FR","potentialAction":[{"@type":"ReadAction","target":["https:\/\/craniumdesign.be\/fr\/produit\/porte-trophee-primus\/"]}]},{"@type":"ImageObject","inLanguage":"fr-FR","@id":"https:\/\/craniumdesign.be\/fr\/produit\/porte-trophee-primus\/#primaryimage","url":"https:\/\/craniumdesign.be\/wp-content\/uploads\/2023\/05\/IMG_8352-1.jpeg","contentUrl":"https:\/\/craniumdesign.be\/wp-content\/uploads\/2023\/05\/IMG_8352-1.jpeg","width":1536,"height":2048},{"@type":"BreadcrumbList","@id":"https:\/\/craniumdesign.be\/fr\/produit\/porte-trophee-primus\/#breadcrumb","itemListElement":[{"@type":"ListItem","position":1,"name":"Home","item":"https:\/\/craniumdesign.be\/fr\/cranium-design\/"},{"@type":"ListItem","position":2,"name":"Boutique","item":"https:\/\/craniumdesign.be\/fr\/boutique\/"},{"@type":"ListItem","position":3,"name":"Porte-troph\u00e9e \u2013 Primus"}]},{"@type":"WebSite","@id":"https:\/\/craniumdesign.be\/#website","url":"https:\/\/craniumdesign.be\/","name":"Cranium Design","description":"Votre r\u00eave sur un pi\u00e9destal","publisher":{"@id":"https:\/\/craniumdesign.be\/#organization"},"potentialAction":[{"@type":"SearchAction","target":{"@type":"EntryPoint","urlTemplate":"https:\/\/craniumdesign.be\/?s={search_term_string}"},"query-input":{"@type":"PropertyValueSpecification","valueRequired":true,"valueName":"search_term_string"}}],"inLanguage":"fr-FR"},{"@type":"Organization","@id":"https:\/\/craniumdesign.be\/#organization","name":"Cranium Design","url":"https:\/\/craniumdesign.be\/","logo":{"@type":"ImageObject","inLanguage":"fr-FR","@id":"https:\/\/craniumdesign.be\/#\/schema\/logo\/image\/","url":"http:\/\/craniumdesign.be\/wp-content\/uploads\/2020\/11\/logo-tekst.png","contentUrl":"http:\/\/craniumdesign.be\/wp-content\/uploads\/2020\/11\/logo-tekst.png","width":826,"height":340,"caption":"Cranium Design"},"image":{"@id":"https:\/\/craniumdesign.be\/#\/schema\/logo\/image\/"}}]}},"_links":{"self":[{"href":"https:\/\/craniumdesign.be\/fr\/wp-json\/wp\/v2\/product\/1453","targetHints":{"allow":["GET"]}}],"collection":[{"href":"https:\/\/craniumdesign.be\/fr\/wp-json\/wp\/v2\/product"}],"about":[{"href":"https:\/\/craniumdesign.be\/fr\/wp-json\/wp\/v2\/types\/product"}],"wp:featuredmedia":[{"embeddable":true,"href":"https:\/\/craniumdesign.be\/fr\/wp-json\/wp\/v2\/media\/1235"}],"wp:attachment":[{"href":"https:\/\/craniumdesign.be\/fr\/wp-json\/wp\/v2\/media?parent=1453"}],"wp:term":[{"taxonomy":"product_brand","embeddable":true,"href":"https:\/\/craniumdesign.be\/fr\/wp-json\/wp\/v2\/product_brand?post=1453"},{"taxonomy":"product_cat","embeddable":true,"href":"https:\/\/craniumdesign.be\/fr\/wp-json\/wp\/v2\/product_cat?post=1453"},{"taxonomy":"product_tag","embeddable":true,"href":"https:\/\/craniumdesign.be\/fr\/wp-json\/wp\/v2\/product_tag?post=1453"}],"curies":[{"name":"wp","href":"https:\/\/api.w.org\/{rel}","templated":true}]}}