{"id":1454,"date":"2023-05-23T12:52:23","date_gmt":"2023-05-23T12:52:23","guid":{"rendered":"http:\/\/craniumdesign.be\/?post_type=product&#038;p=1454"},"modified":"2025-10-17T11:36:03","modified_gmt":"2025-10-17T11:36:03","slug":"porte-trophee-murus","status":"publish","type":"product","link":"https:\/\/craniumdesign.be\/fr\/produit\/porte-trophee-murus\/","title":{"rendered":"Porte-troph\u00e9e &#8211; Murus"},"content":{"rendered":"<p>Le Murus est un porte-troph\u00e9e \u00e0 fixer au mur. Le troph\u00e9e peut \u00eatre tourn\u00e9 horizontalement dans la direction souhait\u00e9e. De plus, la hauteur peut \u00eatre r\u00e9gl\u00e9e enti\u00e8rement par vous.<\/p>\n<p>Les troph\u00e9es suivants peuvent \u00eatre mont\u00e9s : Cerf, Moeflon, Impala et autres troph\u00e9es similaires.<\/p>\n<p>Fabriqu\u00e9 en acier et dot\u00e9 d\u2019un beau rev\u00eatement.<\/p>\n<p>Tous les mat\u00e9riaux n\u00e9cessaires \u00e0 la fixation au mur sont inclus.<\/p>\n<p>Vis et bouchons inclus.<\/p>\n","protected":false},"excerpt":{"rendered":"<p>https:\/\/youtu.be\/dr5aaiv1Lw0<\/p>\n","protected":false},"featured_media":1273,"template":"","meta":{"_joinchat":[]},"product_brand":[],"product_cat":[52],"product_tag":[],"class_list":{"0":"post-1454","1":"product","2":"type-product","3":"status-publish","4":"has-post-thumbnail","6":"product_cat-porte-trophee","8":"first","9":"instock","10":"taxable","11":"shipping-taxable","12":"purchasable","13":"product-type-simple"},"yoast_head":"<!-- This site is optimized with the Yoast SEO plugin v27.4 - https:\/\/yoast.com\/product\/yoast-seo-wordpress\/ -->\n<title>Porte-troph\u00e9e - Murus - Cranium Design<\/title>\n<meta name=\"robots\" content=\"index, follow, max-snippet:-1, max-image-preview:large, max-video-preview:-1\" \/>\n<link rel=\"canonical\" href=\"https:\/\/craniumdesign.be\/fr\/produit\/porte-trophee-murus\/\" \/>\n<meta property=\"og:locale\" content=\"fr_FR\" \/>\n<meta property=\"og:type\" content=\"article\" \/>\n<meta property=\"og:title\" content=\"Porte-troph\u00e9e - Murus - Cranium Design\" \/>\n<meta property=\"og:description\" content=\"https:\/\/youtu.be\/dr5aaiv1Lw0\" \/>\n<meta property=\"og:url\" content=\"https:\/\/craniumdesign.be\/fr\/produit\/porte-trophee-murus\/\" \/>\n<meta property=\"og:site_name\" content=\"Cranium Design\" \/>\n<meta property=\"article:modified_time\" content=\"2025-10-17T11:36:03+00:00\" \/>\n<meta property=\"og:image\" content=\"https:\/\/craniumdesign.be\/wp-content\/uploads\/2023\/05\/Murus_white-1.png\" \/>\n\t<meta property=\"og:image:width\" content=\"2000\" \/>\n\t<meta property=\"og:image:height\" content=\"2000\" \/>\n\t<meta property=\"og:image:type\" content=\"image\/png\" \/>\n<meta name=\"twitter:card\" content=\"summary_large_image\" \/>\n<meta name=\"twitter:label1\" content=\"Dur\u00e9e de lecture estim\u00e9e\" \/>\n\t<meta name=\"twitter:data1\" content=\"1 minute\" \/>\n<script type=\"application\/ld+json\" class=\"yoast-schema-graph\">{\"@context\":\"https:\\\/\\\/schema.org\",\"@graph\":[{\"@type\":\"WebPage\",\"@id\":\"https:\\\/\\\/craniumdesign.be\\\/fr\\\/produit\\\/porte-trophee-murus\\\/\",\"url\":\"https:\\\/\\\/craniumdesign.be\\\/fr\\\/produit\\\/porte-trophee-murus\\\/\",\"name\":\"Porte-troph\u00e9e - Murus - Cranium Design\",\"isPartOf\":{\"@id\":\"https:\\\/\\\/craniumdesign.be\\\/#website\"},\"primaryImageOfPage\":{\"@id\":\"https:\\\/\\\/craniumdesign.be\\\/fr\\\/produit\\\/porte-trophee-murus\\\/#primaryimage\"},\"image\":{\"@id\":\"https:\\\/\\\/craniumdesign.be\\\/fr\\\/produit\\\/porte-trophee-murus\\\/#primaryimage\"},\"thumbnailUrl\":\"https:\\\/\\\/craniumdesign.be\\\/wp-content\\\/uploads\\\/2023\\\/05\\\/Murus_white-1.png\",\"datePublished\":\"2023-05-23T12:52:23+00:00\",\"dateModified\":\"2025-10-17T11:36:03+00:00\",\"breadcrumb\":{\"@id\":\"https:\\\/\\\/craniumdesign.be\\\/fr\\\/produit\\\/porte-trophee-murus\\\/#breadcrumb\"},\"inLanguage\":\"fr-FR\",\"potentialAction\":[{\"@type\":\"ReadAction\",\"target\":[\"https:\\\/\\\/craniumdesign.be\\\/fr\\\/produit\\\/porte-trophee-murus\\\/\"]}]},{\"@type\":\"ImageObject\",\"inLanguage\":\"fr-FR\",\"@id\":\"https:\\\/\\\/craniumdesign.be\\\/fr\\\/produit\\\/porte-trophee-murus\\\/#primaryimage\",\"url\":\"https:\\\/\\\/craniumdesign.be\\\/wp-content\\\/uploads\\\/2023\\\/05\\\/Murus_white-1.png\",\"contentUrl\":\"https:\\\/\\\/craniumdesign.be\\\/wp-content\\\/uploads\\\/2023\\\/05\\\/Murus_white-1.png\",\"width\":2000,\"height\":2000},{\"@type\":\"BreadcrumbList\",\"@id\":\"https:\\\/\\\/craniumdesign.be\\\/fr\\\/produit\\\/porte-trophee-murus\\\/#breadcrumb\",\"itemListElement\":[{\"@type\":\"ListItem\",\"position\":1,\"name\":\"Home\",\"item\":\"https:\\\/\\\/craniumdesign.be\\\/fr\\\/cranium-design\\\/\"},{\"@type\":\"ListItem\",\"position\":2,\"name\":\"Boutique\",\"item\":\"https:\\\/\\\/craniumdesign.be\\\/fr\\\/boutique\\\/\"},{\"@type\":\"ListItem\",\"position\":3,\"name\":\"Porte-troph\u00e9e &#8211; Murus\"}]},{\"@type\":\"WebSite\",\"@id\":\"https:\\\/\\\/craniumdesign.be\\\/#website\",\"url\":\"https:\\\/\\\/craniumdesign.be\\\/\",\"name\":\"Cranium Design\",\"description\":\"Votre r\u00eave sur un pi\u00e9destal\",\"publisher\":{\"@id\":\"https:\\\/\\\/craniumdesign.be\\\/#organization\"},\"potentialAction\":[{\"@type\":\"SearchAction\",\"target\":{\"@type\":\"EntryPoint\",\"urlTemplate\":\"https:\\\/\\\/craniumdesign.be\\\/?s={search_term_string}\"},\"query-input\":{\"@type\":\"PropertyValueSpecification\",\"valueRequired\":true,\"valueName\":\"search_term_string\"}}],\"inLanguage\":\"fr-FR\"},{\"@type\":\"Organization\",\"@id\":\"https:\\\/\\\/craniumdesign.be\\\/#organization\",\"name\":\"Cranium Design\",\"url\":\"https:\\\/\\\/craniumdesign.be\\\/\",\"logo\":{\"@type\":\"ImageObject\",\"inLanguage\":\"fr-FR\",\"@id\":\"https:\\\/\\\/craniumdesign.be\\\/#\\\/schema\\\/logo\\\/image\\\/\",\"url\":\"http:\\\/\\\/craniumdesign.be\\\/wp-content\\\/uploads\\\/2020\\\/11\\\/logo-tekst.png\",\"contentUrl\":\"http:\\\/\\\/craniumdesign.be\\\/wp-content\\\/uploads\\\/2020\\\/11\\\/logo-tekst.png\",\"width\":826,\"height\":340,\"caption\":\"Cranium Design\"},\"image\":{\"@id\":\"https:\\\/\\\/craniumdesign.be\\\/#\\\/schema\\\/logo\\\/image\\\/\"}}]}<\/script>\n<!-- \/ Yoast SEO plugin. -->","yoast_head_json":{"title":"Porte-troph\u00e9e - Murus - Cranium Design","robots":{"index":"index","follow":"follow","max-snippet":"max-snippet:-1","max-image-preview":"max-image-preview:large","max-video-preview":"max-video-preview:-1"},"canonical":"https:\/\/craniumdesign.be\/fr\/produit\/porte-trophee-murus\/","og_locale":"fr_FR","og_type":"article","og_title":"Porte-troph\u00e9e - Murus - Cranium Design","og_description":"https:\/\/youtu.be\/dr5aaiv1Lw0","og_url":"https:\/\/craniumdesign.be\/fr\/produit\/porte-trophee-murus\/","og_site_name":"Cranium Design","article_modified_time":"2025-10-17T11:36:03+00:00","og_image":[{"width":2000,"height":2000,"url":"https:\/\/craniumdesign.be\/wp-content\/uploads\/2023\/05\/Murus_white-1.png","type":"image\/png"}],"twitter_card":"summary_large_image","twitter_misc":{"Dur\u00e9e de lecture estim\u00e9e":"1 minute"},"schema":{"@context":"https:\/\/schema.org","@graph":[{"@type":"WebPage","@id":"https:\/\/craniumdesign.be\/fr\/produit\/porte-trophee-murus\/","url":"https:\/\/craniumdesign.be\/fr\/produit\/porte-trophee-murus\/","name":"Porte-troph\u00e9e - Murus - Cranium Design","isPartOf":{"@id":"https:\/\/craniumdesign.be\/#website"},"primaryImageOfPage":{"@id":"https:\/\/craniumdesign.be\/fr\/produit\/porte-trophee-murus\/#primaryimage"},"image":{"@id":"https:\/\/craniumdesign.be\/fr\/produit\/porte-trophee-murus\/#primaryimage"},"thumbnailUrl":"https:\/\/craniumdesign.be\/wp-content\/uploads\/2023\/05\/Murus_white-1.png","datePublished":"2023-05-23T12:52:23+00:00","dateModified":"2025-10-17T11:36:03+00:00","breadcrumb":{"@id":"https:\/\/craniumdesign.be\/fr\/produit\/porte-trophee-murus\/#breadcrumb"},"inLanguage":"fr-FR","potentialAction":[{"@type":"ReadAction","target":["https:\/\/craniumdesign.be\/fr\/produit\/porte-trophee-murus\/"]}]},{"@type":"ImageObject","inLanguage":"fr-FR","@id":"https:\/\/craniumdesign.be\/fr\/produit\/porte-trophee-murus\/#primaryimage","url":"https:\/\/craniumdesign.be\/wp-content\/uploads\/2023\/05\/Murus_white-1.png","contentUrl":"https:\/\/craniumdesign.be\/wp-content\/uploads\/2023\/05\/Murus_white-1.png","width":2000,"height":2000},{"@type":"BreadcrumbList","@id":"https:\/\/craniumdesign.be\/fr\/produit\/porte-trophee-murus\/#breadcrumb","itemListElement":[{"@type":"ListItem","position":1,"name":"Home","item":"https:\/\/craniumdesign.be\/fr\/cranium-design\/"},{"@type":"ListItem","position":2,"name":"Boutique","item":"https:\/\/craniumdesign.be\/fr\/boutique\/"},{"@type":"ListItem","position":3,"name":"Porte-troph\u00e9e &#8211; Murus"}]},{"@type":"WebSite","@id":"https:\/\/craniumdesign.be\/#website","url":"https:\/\/craniumdesign.be\/","name":"Cranium Design","description":"Votre r\u00eave sur un pi\u00e9destal","publisher":{"@id":"https:\/\/craniumdesign.be\/#organization"},"potentialAction":[{"@type":"SearchAction","target":{"@type":"EntryPoint","urlTemplate":"https:\/\/craniumdesign.be\/?s={search_term_string}"},"query-input":{"@type":"PropertyValueSpecification","valueRequired":true,"valueName":"search_term_string"}}],"inLanguage":"fr-FR"},{"@type":"Organization","@id":"https:\/\/craniumdesign.be\/#organization","name":"Cranium Design","url":"https:\/\/craniumdesign.be\/","logo":{"@type":"ImageObject","inLanguage":"fr-FR","@id":"https:\/\/craniumdesign.be\/#\/schema\/logo\/image\/","url":"http:\/\/craniumdesign.be\/wp-content\/uploads\/2020\/11\/logo-tekst.png","contentUrl":"http:\/\/craniumdesign.be\/wp-content\/uploads\/2020\/11\/logo-tekst.png","width":826,"height":340,"caption":"Cranium Design"},"image":{"@id":"https:\/\/craniumdesign.be\/#\/schema\/logo\/image\/"}}]}},"_links":{"self":[{"href":"https:\/\/craniumdesign.be\/fr\/wp-json\/wp\/v2\/product\/1454","targetHints":{"allow":["GET"]}}],"collection":[{"href":"https:\/\/craniumdesign.be\/fr\/wp-json\/wp\/v2\/product"}],"about":[{"href":"https:\/\/craniumdesign.be\/fr\/wp-json\/wp\/v2\/types\/product"}],"wp:featuredmedia":[{"embeddable":true,"href":"https:\/\/craniumdesign.be\/fr\/wp-json\/wp\/v2\/media\/1273"}],"wp:attachment":[{"href":"https:\/\/craniumdesign.be\/fr\/wp-json\/wp\/v2\/media?parent=1454"}],"wp:term":[{"taxonomy":"product_brand","embeddable":true,"href":"https:\/\/craniumdesign.be\/fr\/wp-json\/wp\/v2\/product_brand?post=1454"},{"taxonomy":"product_cat","embeddable":true,"href":"https:\/\/craniumdesign.be\/fr\/wp-json\/wp\/v2\/product_cat?post=1454"},{"taxonomy":"product_tag","embeddable":true,"href":"https:\/\/craniumdesign.be\/fr\/wp-json\/wp\/v2\/product_tag?post=1454"}],"curies":[{"name":"wp","href":"https:\/\/api.w.org\/{rel}","templated":true}]}}