{"id":1456,"date":"2023-05-23T12:52:23","date_gmt":"2023-05-24T11:40:07","guid":{"rendered":"http:\/\/craniumdesign.be\/?post_type=product&#038;p=1456"},"modified":"2024-02-27T08:05:49","modified_gmt":"2024-02-27T08:05:49","slug":"remplacement-de-la-ceinture-de-securite-lagenam","status":"publish","type":"product","link":"https:\/\/craniumdesign.be\/fr\/produit\/remplacement-de-la-ceinture-de-securite-lagenam\/","title":{"rendered":"Remplacement de la ceinture de s\u00e9curit\u00e9 &#8211; Lagenam"},"content":{"rendered":"","protected":false},"excerpt":{"rendered":"<p>Remplacement pratique de la ceinture de s\u00e9curit\u00e9 qui \u00e9limine le grincement ennuyeux lors de la conduite de votre voiture. Vous pouvez \u00e9galement l\u2019utiliser comme d\u00e9capsuleur.<\/p>\n<p>Attention ! Ne pas utiliser sur la voie publique.<\/p>\n","protected":false},"featured_media":1279,"template":"","meta":{"_joinchat":[]},"product_brand":[],"product_cat":[53,52],"product_tag":[],"class_list":{"0":"post-1456","1":"product","2":"type-product","3":"status-publish","4":"has-post-thumbnail","6":"product_cat-cadeaux","7":"product_cat-porte-trophee","9":"first","10":"instock","11":"taxable","12":"shipping-taxable","13":"purchasable","14":"product-type-simple"},"yoast_head":"<!-- This site is optimized with the Yoast SEO plugin v27.4 - https:\/\/yoast.com\/product\/yoast-seo-wordpress\/ -->\n<title>Remplacement de la ceinture de s\u00e9curit\u00e9 - Lagenam - Cranium Design<\/title>\n<meta name=\"robots\" content=\"index, follow, max-snippet:-1, max-image-preview:large, max-video-preview:-1\" \/>\n<link rel=\"canonical\" href=\"https:\/\/craniumdesign.be\/fr\/produit\/remplacement-de-la-ceinture-de-securite-lagenam\/\" \/>\n<meta property=\"og:locale\" content=\"fr_FR\" \/>\n<meta property=\"og:type\" content=\"article\" \/>\n<meta property=\"og:title\" content=\"Remplacement de la ceinture de s\u00e9curit\u00e9 - Lagenam - Cranium Design\" \/>\n<meta property=\"og:description\" content=\"Remplacement pratique de la ceinture de s\u00e9curit\u00e9 qui \u00e9limine le grincement ennuyeux lors de la conduite de votre voiture. Vous pouvez \u00e9galement l\u2019utiliser comme d\u00e9capsuleur.  Attention ! Ne pas utiliser sur la voie publique.\" \/>\n<meta property=\"og:url\" content=\"https:\/\/craniumdesign.be\/fr\/produit\/remplacement-de-la-ceinture-de-securite-lagenam\/\" \/>\n<meta property=\"og:site_name\" content=\"Cranium Design\" \/>\n<meta property=\"article:modified_time\" content=\"2024-02-27T08:05:49+00:00\" \/>\n<meta property=\"og:image\" content=\"https:\/\/craniumdesign.be\/wp-content\/uploads\/2023\/05\/lagenam-1-1024x1024.png\" \/>\n\t<meta property=\"og:image:width\" content=\"1024\" \/>\n\t<meta property=\"og:image:height\" content=\"1024\" \/>\n\t<meta property=\"og:image:type\" content=\"image\/png\" \/>\n<meta name=\"twitter:card\" content=\"summary_large_image\" \/>\n<script type=\"application\/ld+json\" class=\"yoast-schema-graph\">{\"@context\":\"https:\\\/\\\/schema.org\",\"@graph\":[{\"@type\":\"WebPage\",\"@id\":\"https:\\\/\\\/craniumdesign.be\\\/fr\\\/produit\\\/remplacement-de-la-ceinture-de-securite-lagenam\\\/\",\"url\":\"https:\\\/\\\/craniumdesign.be\\\/fr\\\/produit\\\/remplacement-de-la-ceinture-de-securite-lagenam\\\/\",\"name\":\"Remplacement de la ceinture de s\u00e9curit\u00e9 - Lagenam - Cranium Design\",\"isPartOf\":{\"@id\":\"https:\\\/\\\/craniumdesign.be\\\/#website\"},\"primaryImageOfPage\":{\"@id\":\"https:\\\/\\\/craniumdesign.be\\\/fr\\\/produit\\\/remplacement-de-la-ceinture-de-securite-lagenam\\\/#primaryimage\"},\"image\":{\"@id\":\"https:\\\/\\\/craniumdesign.be\\\/fr\\\/produit\\\/remplacement-de-la-ceinture-de-securite-lagenam\\\/#primaryimage\"},\"thumbnailUrl\":\"https:\\\/\\\/craniumdesign.be\\\/wp-content\\\/uploads\\\/2023\\\/05\\\/lagenam-1.png\",\"datePublished\":\"2023-05-24T11:40:07+00:00\",\"dateModified\":\"2024-02-27T08:05:49+00:00\",\"breadcrumb\":{\"@id\":\"https:\\\/\\\/craniumdesign.be\\\/fr\\\/produit\\\/remplacement-de-la-ceinture-de-securite-lagenam\\\/#breadcrumb\"},\"inLanguage\":\"fr-FR\",\"potentialAction\":[{\"@type\":\"ReadAction\",\"target\":[\"https:\\\/\\\/craniumdesign.be\\\/fr\\\/produit\\\/remplacement-de-la-ceinture-de-securite-lagenam\\\/\"]}]},{\"@type\":\"ImageObject\",\"inLanguage\":\"fr-FR\",\"@id\":\"https:\\\/\\\/craniumdesign.be\\\/fr\\\/produit\\\/remplacement-de-la-ceinture-de-securite-lagenam\\\/#primaryimage\",\"url\":\"https:\\\/\\\/craniumdesign.be\\\/wp-content\\\/uploads\\\/2023\\\/05\\\/lagenam-1.png\",\"contentUrl\":\"https:\\\/\\\/craniumdesign.be\\\/wp-content\\\/uploads\\\/2023\\\/05\\\/lagenam-1.png\",\"width\":3100,\"height\":3100},{\"@type\":\"BreadcrumbList\",\"@id\":\"https:\\\/\\\/craniumdesign.be\\\/fr\\\/produit\\\/remplacement-de-la-ceinture-de-securite-lagenam\\\/#breadcrumb\",\"itemListElement\":[{\"@type\":\"ListItem\",\"position\":1,\"name\":\"Home\",\"item\":\"https:\\\/\\\/craniumdesign.be\\\/fr\\\/cranium-design\\\/\"},{\"@type\":\"ListItem\",\"position\":2,\"name\":\"Boutique\",\"item\":\"https:\\\/\\\/craniumdesign.be\\\/fr\\\/boutique\\\/\"},{\"@type\":\"ListItem\",\"position\":3,\"name\":\"Remplacement de la ceinture de s\u00e9curit\u00e9 &#8211; Lagenam\"}]},{\"@type\":\"WebSite\",\"@id\":\"https:\\\/\\\/craniumdesign.be\\\/#website\",\"url\":\"https:\\\/\\\/craniumdesign.be\\\/\",\"name\":\"Cranium Design\",\"description\":\"Votre r\u00eave sur un pi\u00e9destal\",\"publisher\":{\"@id\":\"https:\\\/\\\/craniumdesign.be\\\/#organization\"},\"potentialAction\":[{\"@type\":\"SearchAction\",\"target\":{\"@type\":\"EntryPoint\",\"urlTemplate\":\"https:\\\/\\\/craniumdesign.be\\\/?s={search_term_string}\"},\"query-input\":{\"@type\":\"PropertyValueSpecification\",\"valueRequired\":true,\"valueName\":\"search_term_string\"}}],\"inLanguage\":\"fr-FR\"},{\"@type\":\"Organization\",\"@id\":\"https:\\\/\\\/craniumdesign.be\\\/#organization\",\"name\":\"Cranium Design\",\"url\":\"https:\\\/\\\/craniumdesign.be\\\/\",\"logo\":{\"@type\":\"ImageObject\",\"inLanguage\":\"fr-FR\",\"@id\":\"https:\\\/\\\/craniumdesign.be\\\/#\\\/schema\\\/logo\\\/image\\\/\",\"url\":\"http:\\\/\\\/craniumdesign.be\\\/wp-content\\\/uploads\\\/2020\\\/11\\\/logo-tekst.png\",\"contentUrl\":\"http:\\\/\\\/craniumdesign.be\\\/wp-content\\\/uploads\\\/2020\\\/11\\\/logo-tekst.png\",\"width\":826,\"height\":340,\"caption\":\"Cranium Design\"},\"image\":{\"@id\":\"https:\\\/\\\/craniumdesign.be\\\/#\\\/schema\\\/logo\\\/image\\\/\"}}]}<\/script>\n<!-- \/ Yoast SEO plugin. -->","yoast_head_json":{"title":"Remplacement de la ceinture de s\u00e9curit\u00e9 - Lagenam - Cranium Design","robots":{"index":"index","follow":"follow","max-snippet":"max-snippet:-1","max-image-preview":"max-image-preview:large","max-video-preview":"max-video-preview:-1"},"canonical":"https:\/\/craniumdesign.be\/fr\/produit\/remplacement-de-la-ceinture-de-securite-lagenam\/","og_locale":"fr_FR","og_type":"article","og_title":"Remplacement de la ceinture de s\u00e9curit\u00e9 - Lagenam - Cranium Design","og_description":"Remplacement pratique de la ceinture de s\u00e9curit\u00e9 qui \u00e9limine le grincement ennuyeux lors de la conduite de votre voiture. Vous pouvez \u00e9galement l\u2019utiliser comme d\u00e9capsuleur.  Attention ! Ne pas utiliser sur la voie publique.","og_url":"https:\/\/craniumdesign.be\/fr\/produit\/remplacement-de-la-ceinture-de-securite-lagenam\/","og_site_name":"Cranium Design","article_modified_time":"2024-02-27T08:05:49+00:00","og_image":[{"width":1024,"height":1024,"url":"https:\/\/craniumdesign.be\/wp-content\/uploads\/2023\/05\/lagenam-1-1024x1024.png","type":"image\/png"}],"twitter_card":"summary_large_image","schema":{"@context":"https:\/\/schema.org","@graph":[{"@type":"WebPage","@id":"https:\/\/craniumdesign.be\/fr\/produit\/remplacement-de-la-ceinture-de-securite-lagenam\/","url":"https:\/\/craniumdesign.be\/fr\/produit\/remplacement-de-la-ceinture-de-securite-lagenam\/","name":"Remplacement de la ceinture de s\u00e9curit\u00e9 - Lagenam - Cranium Design","isPartOf":{"@id":"https:\/\/craniumdesign.be\/#website"},"primaryImageOfPage":{"@id":"https:\/\/craniumdesign.be\/fr\/produit\/remplacement-de-la-ceinture-de-securite-lagenam\/#primaryimage"},"image":{"@id":"https:\/\/craniumdesign.be\/fr\/produit\/remplacement-de-la-ceinture-de-securite-lagenam\/#primaryimage"},"thumbnailUrl":"https:\/\/craniumdesign.be\/wp-content\/uploads\/2023\/05\/lagenam-1.png","datePublished":"2023-05-24T11:40:07+00:00","dateModified":"2024-02-27T08:05:49+00:00","breadcrumb":{"@id":"https:\/\/craniumdesign.be\/fr\/produit\/remplacement-de-la-ceinture-de-securite-lagenam\/#breadcrumb"},"inLanguage":"fr-FR","potentialAction":[{"@type":"ReadAction","target":["https:\/\/craniumdesign.be\/fr\/produit\/remplacement-de-la-ceinture-de-securite-lagenam\/"]}]},{"@type":"ImageObject","inLanguage":"fr-FR","@id":"https:\/\/craniumdesign.be\/fr\/produit\/remplacement-de-la-ceinture-de-securite-lagenam\/#primaryimage","url":"https:\/\/craniumdesign.be\/wp-content\/uploads\/2023\/05\/lagenam-1.png","contentUrl":"https:\/\/craniumdesign.be\/wp-content\/uploads\/2023\/05\/lagenam-1.png","width":3100,"height":3100},{"@type":"BreadcrumbList","@id":"https:\/\/craniumdesign.be\/fr\/produit\/remplacement-de-la-ceinture-de-securite-lagenam\/#breadcrumb","itemListElement":[{"@type":"ListItem","position":1,"name":"Home","item":"https:\/\/craniumdesign.be\/fr\/cranium-design\/"},{"@type":"ListItem","position":2,"name":"Boutique","item":"https:\/\/craniumdesign.be\/fr\/boutique\/"},{"@type":"ListItem","position":3,"name":"Remplacement de la ceinture de s\u00e9curit\u00e9 &#8211; Lagenam"}]},{"@type":"WebSite","@id":"https:\/\/craniumdesign.be\/#website","url":"https:\/\/craniumdesign.be\/","name":"Cranium Design","description":"Votre r\u00eave sur un pi\u00e9destal","publisher":{"@id":"https:\/\/craniumdesign.be\/#organization"},"potentialAction":[{"@type":"SearchAction","target":{"@type":"EntryPoint","urlTemplate":"https:\/\/craniumdesign.be\/?s={search_term_string}"},"query-input":{"@type":"PropertyValueSpecification","valueRequired":true,"valueName":"search_term_string"}}],"inLanguage":"fr-FR"},{"@type":"Organization","@id":"https:\/\/craniumdesign.be\/#organization","name":"Cranium Design","url":"https:\/\/craniumdesign.be\/","logo":{"@type":"ImageObject","inLanguage":"fr-FR","@id":"https:\/\/craniumdesign.be\/#\/schema\/logo\/image\/","url":"http:\/\/craniumdesign.be\/wp-content\/uploads\/2020\/11\/logo-tekst.png","contentUrl":"http:\/\/craniumdesign.be\/wp-content\/uploads\/2020\/11\/logo-tekst.png","width":826,"height":340,"caption":"Cranium Design"},"image":{"@id":"https:\/\/craniumdesign.be\/#\/schema\/logo\/image\/"}}]}},"_links":{"self":[{"href":"https:\/\/craniumdesign.be\/fr\/wp-json\/wp\/v2\/product\/1456","targetHints":{"allow":["GET"]}}],"collection":[{"href":"https:\/\/craniumdesign.be\/fr\/wp-json\/wp\/v2\/product"}],"about":[{"href":"https:\/\/craniumdesign.be\/fr\/wp-json\/wp\/v2\/types\/product"}],"wp:featuredmedia":[{"embeddable":true,"href":"https:\/\/craniumdesign.be\/fr\/wp-json\/wp\/v2\/media\/1279"}],"wp:attachment":[{"href":"https:\/\/craniumdesign.be\/fr\/wp-json\/wp\/v2\/media?parent=1456"}],"wp:term":[{"taxonomy":"product_brand","embeddable":true,"href":"https:\/\/craniumdesign.be\/fr\/wp-json\/wp\/v2\/product_brand?post=1456"},{"taxonomy":"product_cat","embeddable":true,"href":"https:\/\/craniumdesign.be\/fr\/wp-json\/wp\/v2\/product_cat?post=1456"},{"taxonomy":"product_tag","embeddable":true,"href":"https:\/\/craniumdesign.be\/fr\/wp-json\/wp\/v2\/product_tag?post=1456"}],"curies":[{"name":"wp","href":"https:\/\/api.w.org\/{rel}","templated":true}]}}