{"id":1591,"date":"2024-01-08T14:00:26","date_gmt":"2024-01-08T14:00:26","guid":{"rendered":"http:\/\/craniumdesign.be\/product\/parvus-dor\/"},"modified":"2024-05-13T00:06:14","modified_gmt":"2024-05-13T00:06:14","slug":"parvus-dor","status":"publish","type":"product","link":"https:\/\/craniumdesign.be\/fr\/produit\/parvus-dor\/","title":{"rendered":"Parvus d&rsquo;OR"},"content":{"rendered":"<p>L&rsquo;\u00e9dition limit\u00e9e Parvus d&rsquo;OR est un support de troph\u00e9e pour chevreuil, chamois, renard et autres troph\u00e9es similaires. Fabriqu\u00e9 en acier et dot\u00e9 d\u2019un beau rev\u00eatement.<br \/>\nIl est dot\u00e9 de patins antid\u00e9rapants et d&rsquo;un crochet subtil permettant de suspendre une m\u00e9daille ou une plaque nominative.<\/p>\n<p>(Troph\u00e9e non inclus)<\/p>\n<p>Dimensions : Largeur 11.5cm, Profondeur 18cm, Longueur 17<\/p>\n","protected":false},"excerpt":{"rendered":"<p>L&rsquo;\u00e9dition limit\u00e9e Parvus d&rsquo;OR est un support de troph\u00e9e pour chevreuil, chamois, renard et autres troph\u00e9es similaires. Fabriqu\u00e9 en acier et dot\u00e9 d\u2019un beau rev\u00eatement. Il est dot\u00e9 de patins&#8230;<\/p>\n","protected":false},"featured_media":1569,"template":"","meta":{"_joinchat":[]},"product_brand":[],"product_cat":[52],"product_tag":[],"class_list":{"0":"post-1591","1":"product","2":"type-product","3":"status-publish","4":"has-post-thumbnail","6":"product_cat-porte-trophee","8":"first","9":"instock","10":"taxable","11":"shipping-taxable","12":"purchasable","13":"product-type-simple"},"yoast_head":"<!-- This site is optimized with the Yoast SEO plugin v27.4 - https:\/\/yoast.com\/product\/yoast-seo-wordpress\/ -->\n<title>Parvus d&#039;OR - Cranium Design<\/title>\n<meta name=\"robots\" content=\"index, follow, max-snippet:-1, max-image-preview:large, max-video-preview:-1\" \/>\n<link rel=\"canonical\" href=\"https:\/\/craniumdesign.be\/fr\/produit\/parvus-dor\/\" \/>\n<meta property=\"og:locale\" content=\"fr_FR\" \/>\n<meta property=\"og:type\" content=\"article\" \/>\n<meta property=\"og:title\" content=\"Parvus d&#039;OR - Cranium Design\" \/>\n<meta property=\"og:description\" content=\"L&rsquo;\u00e9dition limit\u00e9e Parvus d&rsquo;OR est un support de troph\u00e9e pour chevreuil, chamois, renard et autres troph\u00e9es similaires. Fabriqu\u00e9 en acier et dot\u00e9 d\u2019un beau rev\u00eatement. Il est dot\u00e9 de patins...\" \/>\n<meta property=\"og:url\" content=\"https:\/\/craniumdesign.be\/fr\/produit\/parvus-dor\/\" \/>\n<meta property=\"og:site_name\" content=\"Cranium Design\" \/>\n<meta property=\"article:modified_time\" content=\"2024-05-13T00:06:14+00:00\" \/>\n<meta property=\"og:image\" content=\"https:\/\/craniumdesign.be\/wp-content\/uploads\/2024\/01\/E1D4A667-52D0-4E04-A69D-20574149E9AC-1.jpg\" \/>\n\t<meta property=\"og:image:width\" content=\"1125\" \/>\n\t<meta property=\"og:image:height\" content=\"2000\" \/>\n\t<meta property=\"og:image:type\" content=\"image\/jpeg\" \/>\n<meta name=\"twitter:card\" content=\"summary_large_image\" \/>\n<script type=\"application\/ld+json\" class=\"yoast-schema-graph\">{\"@context\":\"https:\\\/\\\/schema.org\",\"@graph\":[{\"@type\":\"WebPage\",\"@id\":\"https:\\\/\\\/craniumdesign.be\\\/fr\\\/produit\\\/parvus-dor\\\/\",\"url\":\"https:\\\/\\\/craniumdesign.be\\\/fr\\\/produit\\\/parvus-dor\\\/\",\"name\":\"Parvus d'OR - Cranium Design\",\"isPartOf\":{\"@id\":\"https:\\\/\\\/craniumdesign.be\\\/#website\"},\"primaryImageOfPage\":{\"@id\":\"https:\\\/\\\/craniumdesign.be\\\/fr\\\/produit\\\/parvus-dor\\\/#primaryimage\"},\"image\":{\"@id\":\"https:\\\/\\\/craniumdesign.be\\\/fr\\\/produit\\\/parvus-dor\\\/#primaryimage\"},\"thumbnailUrl\":\"https:\\\/\\\/craniumdesign.be\\\/wp-content\\\/uploads\\\/2024\\\/01\\\/E1D4A667-52D0-4E04-A69D-20574149E9AC-1.jpg\",\"datePublished\":\"2024-01-08T14:00:26+00:00\",\"dateModified\":\"2024-05-13T00:06:14+00:00\",\"breadcrumb\":{\"@id\":\"https:\\\/\\\/craniumdesign.be\\\/fr\\\/produit\\\/parvus-dor\\\/#breadcrumb\"},\"inLanguage\":\"fr-FR\",\"potentialAction\":[{\"@type\":\"ReadAction\",\"target\":[\"https:\\\/\\\/craniumdesign.be\\\/fr\\\/produit\\\/parvus-dor\\\/\"]}]},{\"@type\":\"ImageObject\",\"inLanguage\":\"fr-FR\",\"@id\":\"https:\\\/\\\/craniumdesign.be\\\/fr\\\/produit\\\/parvus-dor\\\/#primaryimage\",\"url\":\"https:\\\/\\\/craniumdesign.be\\\/wp-content\\\/uploads\\\/2024\\\/01\\\/E1D4A667-52D0-4E04-A69D-20574149E9AC-1.jpg\",\"contentUrl\":\"https:\\\/\\\/craniumdesign.be\\\/wp-content\\\/uploads\\\/2024\\\/01\\\/E1D4A667-52D0-4E04-A69D-20574149E9AC-1.jpg\",\"width\":1125,\"height\":2000},{\"@type\":\"BreadcrumbList\",\"@id\":\"https:\\\/\\\/craniumdesign.be\\\/fr\\\/produit\\\/parvus-dor\\\/#breadcrumb\",\"itemListElement\":[{\"@type\":\"ListItem\",\"position\":1,\"name\":\"Home\",\"item\":\"https:\\\/\\\/craniumdesign.be\\\/fr\\\/cranium-design\\\/\"},{\"@type\":\"ListItem\",\"position\":2,\"name\":\"Boutique\",\"item\":\"https:\\\/\\\/craniumdesign.be\\\/fr\\\/boutique\\\/\"},{\"@type\":\"ListItem\",\"position\":3,\"name\":\"Parvus d&rsquo;OR\"}]},{\"@type\":\"WebSite\",\"@id\":\"https:\\\/\\\/craniumdesign.be\\\/#website\",\"url\":\"https:\\\/\\\/craniumdesign.be\\\/\",\"name\":\"Cranium Design\",\"description\":\"Votre r\u00eave sur un pi\u00e9destal\",\"publisher\":{\"@id\":\"https:\\\/\\\/craniumdesign.be\\\/#organization\"},\"potentialAction\":[{\"@type\":\"SearchAction\",\"target\":{\"@type\":\"EntryPoint\",\"urlTemplate\":\"https:\\\/\\\/craniumdesign.be\\\/?s={search_term_string}\"},\"query-input\":{\"@type\":\"PropertyValueSpecification\",\"valueRequired\":true,\"valueName\":\"search_term_string\"}}],\"inLanguage\":\"fr-FR\"},{\"@type\":\"Organization\",\"@id\":\"https:\\\/\\\/craniumdesign.be\\\/#organization\",\"name\":\"Cranium Design\",\"url\":\"https:\\\/\\\/craniumdesign.be\\\/\",\"logo\":{\"@type\":\"ImageObject\",\"inLanguage\":\"fr-FR\",\"@id\":\"https:\\\/\\\/craniumdesign.be\\\/#\\\/schema\\\/logo\\\/image\\\/\",\"url\":\"http:\\\/\\\/craniumdesign.be\\\/wp-content\\\/uploads\\\/2020\\\/11\\\/logo-tekst.png\",\"contentUrl\":\"http:\\\/\\\/craniumdesign.be\\\/wp-content\\\/uploads\\\/2020\\\/11\\\/logo-tekst.png\",\"width\":826,\"height\":340,\"caption\":\"Cranium Design\"},\"image\":{\"@id\":\"https:\\\/\\\/craniumdesign.be\\\/#\\\/schema\\\/logo\\\/image\\\/\"}}]}<\/script>\n<!-- \/ Yoast SEO plugin. -->","yoast_head_json":{"title":"Parvus d'OR - Cranium Design","robots":{"index":"index","follow":"follow","max-snippet":"max-snippet:-1","max-image-preview":"max-image-preview:large","max-video-preview":"max-video-preview:-1"},"canonical":"https:\/\/craniumdesign.be\/fr\/produit\/parvus-dor\/","og_locale":"fr_FR","og_type":"article","og_title":"Parvus d'OR - Cranium Design","og_description":"L&rsquo;\u00e9dition limit\u00e9e Parvus d&rsquo;OR est un support de troph\u00e9e pour chevreuil, chamois, renard et autres troph\u00e9es similaires. Fabriqu\u00e9 en acier et dot\u00e9 d\u2019un beau rev\u00eatement. Il est dot\u00e9 de patins...","og_url":"https:\/\/craniumdesign.be\/fr\/produit\/parvus-dor\/","og_site_name":"Cranium Design","article_modified_time":"2024-05-13T00:06:14+00:00","og_image":[{"width":1125,"height":2000,"url":"https:\/\/craniumdesign.be\/wp-content\/uploads\/2024\/01\/E1D4A667-52D0-4E04-A69D-20574149E9AC-1.jpg","type":"image\/jpeg"}],"twitter_card":"summary_large_image","schema":{"@context":"https:\/\/schema.org","@graph":[{"@type":"WebPage","@id":"https:\/\/craniumdesign.be\/fr\/produit\/parvus-dor\/","url":"https:\/\/craniumdesign.be\/fr\/produit\/parvus-dor\/","name":"Parvus d'OR - Cranium Design","isPartOf":{"@id":"https:\/\/craniumdesign.be\/#website"},"primaryImageOfPage":{"@id":"https:\/\/craniumdesign.be\/fr\/produit\/parvus-dor\/#primaryimage"},"image":{"@id":"https:\/\/craniumdesign.be\/fr\/produit\/parvus-dor\/#primaryimage"},"thumbnailUrl":"https:\/\/craniumdesign.be\/wp-content\/uploads\/2024\/01\/E1D4A667-52D0-4E04-A69D-20574149E9AC-1.jpg","datePublished":"2024-01-08T14:00:26+00:00","dateModified":"2024-05-13T00:06:14+00:00","breadcrumb":{"@id":"https:\/\/craniumdesign.be\/fr\/produit\/parvus-dor\/#breadcrumb"},"inLanguage":"fr-FR","potentialAction":[{"@type":"ReadAction","target":["https:\/\/craniumdesign.be\/fr\/produit\/parvus-dor\/"]}]},{"@type":"ImageObject","inLanguage":"fr-FR","@id":"https:\/\/craniumdesign.be\/fr\/produit\/parvus-dor\/#primaryimage","url":"https:\/\/craniumdesign.be\/wp-content\/uploads\/2024\/01\/E1D4A667-52D0-4E04-A69D-20574149E9AC-1.jpg","contentUrl":"https:\/\/craniumdesign.be\/wp-content\/uploads\/2024\/01\/E1D4A667-52D0-4E04-A69D-20574149E9AC-1.jpg","width":1125,"height":2000},{"@type":"BreadcrumbList","@id":"https:\/\/craniumdesign.be\/fr\/produit\/parvus-dor\/#breadcrumb","itemListElement":[{"@type":"ListItem","position":1,"name":"Home","item":"https:\/\/craniumdesign.be\/fr\/cranium-design\/"},{"@type":"ListItem","position":2,"name":"Boutique","item":"https:\/\/craniumdesign.be\/fr\/boutique\/"},{"@type":"ListItem","position":3,"name":"Parvus d&rsquo;OR"}]},{"@type":"WebSite","@id":"https:\/\/craniumdesign.be\/#website","url":"https:\/\/craniumdesign.be\/","name":"Cranium Design","description":"Votre r\u00eave sur un pi\u00e9destal","publisher":{"@id":"https:\/\/craniumdesign.be\/#organization"},"potentialAction":[{"@type":"SearchAction","target":{"@type":"EntryPoint","urlTemplate":"https:\/\/craniumdesign.be\/?s={search_term_string}"},"query-input":{"@type":"PropertyValueSpecification","valueRequired":true,"valueName":"search_term_string"}}],"inLanguage":"fr-FR"},{"@type":"Organization","@id":"https:\/\/craniumdesign.be\/#organization","name":"Cranium Design","url":"https:\/\/craniumdesign.be\/","logo":{"@type":"ImageObject","inLanguage":"fr-FR","@id":"https:\/\/craniumdesign.be\/#\/schema\/logo\/image\/","url":"http:\/\/craniumdesign.be\/wp-content\/uploads\/2020\/11\/logo-tekst.png","contentUrl":"http:\/\/craniumdesign.be\/wp-content\/uploads\/2020\/11\/logo-tekst.png","width":826,"height":340,"caption":"Cranium Design"},"image":{"@id":"https:\/\/craniumdesign.be\/#\/schema\/logo\/image\/"}}]}},"_links":{"self":[{"href":"https:\/\/craniumdesign.be\/fr\/wp-json\/wp\/v2\/product\/1591","targetHints":{"allow":["GET"]}}],"collection":[{"href":"https:\/\/craniumdesign.be\/fr\/wp-json\/wp\/v2\/product"}],"about":[{"href":"https:\/\/craniumdesign.be\/fr\/wp-json\/wp\/v2\/types\/product"}],"wp:featuredmedia":[{"embeddable":true,"href":"https:\/\/craniumdesign.be\/fr\/wp-json\/wp\/v2\/media\/1569"}],"wp:attachment":[{"href":"https:\/\/craniumdesign.be\/fr\/wp-json\/wp\/v2\/media?parent=1591"}],"wp:term":[{"taxonomy":"product_brand","embeddable":true,"href":"https:\/\/craniumdesign.be\/fr\/wp-json\/wp\/v2\/product_brand?post=1591"},{"taxonomy":"product_cat","embeddable":true,"href":"https:\/\/craniumdesign.be\/fr\/wp-json\/wp\/v2\/product_cat?post=1591"},{"taxonomy":"product_tag","embeddable":true,"href":"https:\/\/craniumdesign.be\/fr\/wp-json\/wp\/v2\/product_tag?post=1591"}],"curies":[{"name":"wp","href":"https:\/\/api.w.org\/{rel}","templated":true}]}}